{"id":963,"date":"2021-05-21T13:53:04","date_gmt":"2021-05-21T11:53:04","guid":{"rendered":"https:\/\/www.ingena.info\/ueber-uns\/"},"modified":"2023-10-18T13:53:41","modified_gmt":"2023-10-18T11:53:41","slug":"chi-siamo","status":"publish","type":"page","link":"https:\/\/www.ingena.info\/it\/chi-siamo\/","title":{"rendered":"Chi siamo"},"content":{"rendered":"<p><strong>Profilo aziendale<br \/>\n<\/strong><\/p>\n<p>INGENA \u00e8 stata fondata con lo scopo di creare una piattaforma di tecnici altamente qualificati e specializzati che sia in grado di offrire ai suoi clienti un servizio di progettazione e consulenza innovativo e completo.<\/p>\n<p>Il nostro team \u00e8 in grado di gestire progetti complessi e proporre anche al cliente pi\u00f9 esigente soluzioni che funzionino sul piano economico, e che siano innovative e sostenibili.<\/p>\n<p>Noi di INGENA troviamo le nostre condizioni ideali di lavoro e progettazione nell&#8217;affascinante intersezione che si crea quando l&#8217;ingegneria viene applicata al paesaggio nel significato pi\u00f9 ampio del termine.Le nostre sei sedi, situate tra Trentino Alto Adige\u00a0ed Austria, ci hanno aiutato ad affermarci come fornitore di servizi sovraregionali e ci hanno dato la possibilit\u00e0 di creare ponti tra paesi e aree linguistiche. Il nostro team \u00e8 di base bilingue, ed in molti casi multilingue.<\/p>\n<p>INGENA \u00e8 completamente indipendente, non ha affiliazione con produttori, fornitori o istituzioni finanziarie.<\/p>\n<p>&nbsp;<\/p>\n<p><strong>Team<\/strong><\/p>\n<p>Il nostro team \u00e8 composto da Ingegneri, Architetti, Pianificatori, Paesaggisti, Biologi e Geografi. Ed \u00e8 proprio grazie a questa interdisciplinarit\u00e0 che INGENA garantisce che i clienti ricevano sempre un&#8217;assistenza professionale e competente<\/p>\n","protected":false},"excerpt":{"rendered":"<p>Profilo aziendale INGENA \u00e8 stata fondata con lo scopo di creare una piattaforma di tecnici altamente qualificati e specializzati che sia in grado di offrire ai suoi clienti un servizio di progettazione e consulenza innovativo e completo. Il nostro team \u00e8 in grado di gestire progetti complessi e proporre anche al cliente pi\u00f9 esigente soluzioni [&hellip;]<\/p>\n","protected":false},"author":1,"featured_media":753,"parent":0,"menu_order":0,"comment_status":"closed","ping_status":"closed","template":"template-teams.php","meta":{"_acf_changed":false,"footnotes":""},"class_list":["post-963","page","type-page","status-publish","has-post-thumbnail","hentry"],"acf":[],"yoast_head":"<!-- This site is optimized with the Yoast SEO Premium plugin v23.0 (Yoast SEO v23.0) - https:\/\/yoast.com\/wordpress\/plugins\/seo\/ -->\n<title>Ingena: profilo aziendale e team specializzato<\/title>\n<meta name=\"description\" content=\"Il nostro team \u00e8 composto da ingegneri, architetti, pianificatori territoriali, architetti del paesaggio, biologi e geografi. Contattateci!\" \/>\n<meta name=\"robots\" content=\"index, follow, max-snippet:-1, max-image-preview:large, max-video-preview:-1\" \/>\n<link rel=\"canonical\" href=\"https:\/\/www.ingena.info\/it\/chi-siamo\/\" \/>\n<meta property=\"og:locale\" content=\"it_IT\" \/>\n<meta property=\"og:type\" content=\"article\" \/>\n<meta property=\"og:title\" content=\"Chi siamo\" \/>\n<meta property=\"og:description\" content=\"Il nostro team \u00e8 composto da ingegneri, architetti, pianificatori territoriali, architetti del paesaggio, biologi e geografi. Contattateci!\" \/>\n<meta property=\"og:url\" content=\"https:\/\/www.ingena.info\/it\/chi-siamo\/\" \/>\n<meta property=\"og:site_name\" content=\"www.ingena.info\" \/>\n<meta property=\"article:modified_time\" content=\"2023-10-18T11:53:41+00:00\" \/>\n<meta property=\"og:image\" content=\"https:\/\/www.ingena.info\/wp-content\/uploads\/ingena-5554.jpg\" \/>\n\t<meta property=\"og:image:width\" content=\"2000\" \/>\n\t<meta property=\"og:image:height\" content=\"1334\" \/>\n\t<meta property=\"og:image:type\" content=\"image\/jpeg\" \/>\n<meta name=\"twitter:card\" content=\"summary_large_image\" \/>\n<meta name=\"twitter:label1\" content=\"Tempo di lettura stimato\" \/>\n\t<meta name=\"twitter:data1\" content=\"2 minuti\" \/>\n<script type=\"application\/ld+json\" class=\"yoast-schema-graph\">{\"@context\":\"https:\/\/schema.org\",\"@graph\":[{\"@type\":\"WebPage\",\"@id\":\"https:\/\/www.ingena.info\/it\/chi-siamo\/\",\"url\":\"https:\/\/www.ingena.info\/it\/chi-siamo\/\",\"name\":\"Ingena: profilo aziendale e team specializzato\",\"isPartOf\":{\"@id\":\"https:\/\/www.ingena.info\/it\/#website\"},\"primaryImageOfPage\":{\"@id\":\"https:\/\/www.ingena.info\/it\/chi-siamo\/#primaryimage\"},\"image\":{\"@id\":\"https:\/\/www.ingena.info\/it\/chi-siamo\/#primaryimage\"},\"thumbnailUrl\":\"https:\/\/i0.wp.com\/www.ingena.info\/wp-content\/uploads\/ingena-5554.jpg?fit=2000%2C1334&ssl=1\",\"datePublished\":\"2021-05-21T11:53:04+00:00\",\"dateModified\":\"2023-10-18T11:53:41+00:00\",\"description\":\"Il nostro team \u00e8 composto da ingegneri, architetti, pianificatori territoriali, architetti del paesaggio, biologi e geografi. Contattateci!\",\"breadcrumb\":{\"@id\":\"https:\/\/www.ingena.info\/it\/chi-siamo\/#breadcrumb\"},\"inLanguage\":\"it-IT\",\"potentialAction\":[{\"@type\":\"ReadAction\",\"target\":[\"https:\/\/www.ingena.info\/it\/chi-siamo\/\"]}]},{\"@type\":\"ImageObject\",\"inLanguage\":\"it-IT\",\"@id\":\"https:\/\/www.ingena.info\/it\/chi-siamo\/#primaryimage\",\"url\":\"https:\/\/i0.wp.com\/www.ingena.info\/wp-content\/uploads\/ingena-5554.jpg?fit=2000%2C1334&ssl=1\",\"contentUrl\":\"https:\/\/i0.wp.com\/www.ingena.info\/wp-content\/uploads\/ingena-5554.jpg?fit=2000%2C1334&ssl=1\",\"width\":2000,\"height\":1334},{\"@type\":\"BreadcrumbList\",\"@id\":\"https:\/\/www.ingena.info\/it\/chi-siamo\/#breadcrumb\",\"itemListElement\":[{\"@type\":\"ListItem\",\"position\":1,\"name\":\"Startseite\",\"item\":\"https:\/\/www.ingena.info\/it\/\"},{\"@type\":\"ListItem\",\"position\":2,\"name\":\"Chi siamo\"}]},{\"@type\":\"WebSite\",\"@id\":\"https:\/\/www.ingena.info\/it\/#website\",\"url\":\"https:\/\/www.ingena.info\/it\/\",\"name\":\"www.ingena.info\",\"description\":\"\",\"potentialAction\":[{\"@type\":\"SearchAction\",\"target\":{\"@type\":\"EntryPoint\",\"urlTemplate\":\"https:\/\/www.ingena.info\/it\/?s={search_term_string}\"},\"query-input\":\"required name=search_term_string\"}],\"inLanguage\":\"it-IT\"}]}<\/script>\n<!-- \/ Yoast SEO Premium plugin. -->","yoast_head_json":{"title":"Ingena: profilo aziendale e team specializzato","description":"Il nostro team \u00e8 composto da ingegneri, architetti, pianificatori territoriali, architetti del paesaggio, biologi e geografi. Contattateci!","robots":{"index":"index","follow":"follow","max-snippet":"max-snippet:-1","max-image-preview":"max-image-preview:large","max-video-preview":"max-video-preview:-1"},"canonical":"https:\/\/www.ingena.info\/it\/chi-siamo\/","og_locale":"it_IT","og_type":"article","og_title":"Chi siamo","og_description":"Il nostro team \u00e8 composto da ingegneri, architetti, pianificatori territoriali, architetti del paesaggio, biologi e geografi. Contattateci!","og_url":"https:\/\/www.ingena.info\/it\/chi-siamo\/","og_site_name":"www.ingena.info","article_modified_time":"2023-10-18T11:53:41+00:00","og_image":[{"width":2000,"height":1334,"url":"https:\/\/www.ingena.info\/wp-content\/uploads\/ingena-5554.jpg","type":"image\/jpeg"}],"twitter_card":"summary_large_image","twitter_misc":{"Tempo di lettura stimato":"2 minuti"},"schema":{"@context":"https:\/\/schema.org","@graph":[{"@type":"WebPage","@id":"https:\/\/www.ingena.info\/it\/chi-siamo\/","url":"https:\/\/www.ingena.info\/it\/chi-siamo\/","name":"Ingena: profilo aziendale e team specializzato","isPartOf":{"@id":"https:\/\/www.ingena.info\/it\/#website"},"primaryImageOfPage":{"@id":"https:\/\/www.ingena.info\/it\/chi-siamo\/#primaryimage"},"image":{"@id":"https:\/\/www.ingena.info\/it\/chi-siamo\/#primaryimage"},"thumbnailUrl":"https:\/\/i0.wp.com\/www.ingena.info\/wp-content\/uploads\/ingena-5554.jpg?fit=2000%2C1334&ssl=1","datePublished":"2021-05-21T11:53:04+00:00","dateModified":"2023-10-18T11:53:41+00:00","description":"Il nostro team \u00e8 composto da ingegneri, architetti, pianificatori territoriali, architetti del paesaggio, biologi e geografi. Contattateci!","breadcrumb":{"@id":"https:\/\/www.ingena.info\/it\/chi-siamo\/#breadcrumb"},"inLanguage":"it-IT","potentialAction":[{"@type":"ReadAction","target":["https:\/\/www.ingena.info\/it\/chi-siamo\/"]}]},{"@type":"ImageObject","inLanguage":"it-IT","@id":"https:\/\/www.ingena.info\/it\/chi-siamo\/#primaryimage","url":"https:\/\/i0.wp.com\/www.ingena.info\/wp-content\/uploads\/ingena-5554.jpg?fit=2000%2C1334&ssl=1","contentUrl":"https:\/\/i0.wp.com\/www.ingena.info\/wp-content\/uploads\/ingena-5554.jpg?fit=2000%2C1334&ssl=1","width":2000,"height":1334},{"@type":"BreadcrumbList","@id":"https:\/\/www.ingena.info\/it\/chi-siamo\/#breadcrumb","itemListElement":[{"@type":"ListItem","position":1,"name":"Startseite","item":"https:\/\/www.ingena.info\/it\/"},{"@type":"ListItem","position":2,"name":"Chi siamo"}]},{"@type":"WebSite","@id":"https:\/\/www.ingena.info\/it\/#website","url":"https:\/\/www.ingena.info\/it\/","name":"www.ingena.info","description":"","potentialAction":[{"@type":"SearchAction","target":{"@type":"EntryPoint","urlTemplate":"https:\/\/www.ingena.info\/it\/?s={search_term_string}"},"query-input":"required name=search_term_string"}],"inLanguage":"it-IT"}]}},"_links":{"self":[{"href":"https:\/\/www.ingena.info\/it\/wp-json\/wp\/v2\/pages\/963","targetHints":{"allow":["GET"]}}],"collection":[{"href":"https:\/\/www.ingena.info\/it\/wp-json\/wp\/v2\/pages"}],"about":[{"href":"https:\/\/www.ingena.info\/it\/wp-json\/wp\/v2\/types\/page"}],"author":[{"embeddable":true,"href":"https:\/\/www.ingena.info\/it\/wp-json\/wp\/v2\/users\/1"}],"replies":[{"embeddable":true,"href":"https:\/\/www.ingena.info\/it\/wp-json\/wp\/v2\/comments?post=963"}],"version-history":[{"count":2,"href":"https:\/\/www.ingena.info\/it\/wp-json\/wp\/v2\/pages\/963\/revisions"}],"predecessor-version":[{"id":1703,"href":"https:\/\/www.ingena.info\/it\/wp-json\/wp\/v2\/pages\/963\/revisions\/1703"}],"wp:featuredmedia":[{"embeddable":true,"href":"https:\/\/www.ingena.info\/it\/wp-json\/wp\/v2\/media\/753"}],"wp:attachment":[{"href":"https:\/\/www.ingena.info\/it\/wp-json\/wp\/v2\/media?parent=963"}],"curies":[{"name":"wp","href":"https:\/\/api.w.org\/{rel}","templated":true}]}}