{"id":951,"date":"2021-05-21T11:51:17","date_gmt":"2021-05-21T09:51:17","guid":{"rendered":"https:\/\/www.ingena.info\/naturraumplanung\/umwelt-und-umweltvertraeglichkeitspruefung-uvp\/"},"modified":"2024-05-29T09:41:37","modified_gmt":"2024-05-29T07:41:37","slug":"ambiente-e-valutazione-di-impatto-ambientale-via","status":"publish","type":"page","link":"https:\/\/www.ingena.info\/it\/natura\/ambiente-e-valutazione-di-impatto-ambientale-via\/","title":{"rendered":"Ambiente e valutazione di impatto ambientale (VIA)"},"content":{"rendered":"<ul>\n<li>Studi di impatto ambientale: Coordinamento, elaborazione del quadro programmatico e del quadro ambientale dei settori beni culturali e storici, paesaggio, acqua, suolo, agricoltura e silvicoltura, caccia<\/li>\n<li>Inventari paesaggistici, Piani del verde, redazione di studi settoriali paesaggistici per programmi e piani urbanistici<\/li>\n<li>VAS &#8211; Valutazione ambientale strategica<\/li>\n<li>Inserimento paesaggistico di grandi opere<\/li>\n<li>Interventi di riqualificazione naturalistica, di ecologia fluviale e di compensazione ambientale e paesaggistica<\/li>\n<li>Direzione Lavori ecologico\/paesaggistica<\/li>\n<li>Opere di ingegneria naturalistica<\/li>\n<\/ul>\n","protected":false},"excerpt":{"rendered":"<p>Studi di impatto ambientale: Coordinamento, elaborazione del quadro programmatico e del quadro ambientale dei settori beni culturali e storici, paesaggio, acqua, suolo, agricoltura e silvicoltura, caccia Inventari paesaggistici, Piani del verde, redazione di studi settoriali paesaggistici per programmi e piani urbanistici VAS &#8211; Valutazione ambientale strategica Inserimento paesaggistico di grandi opere Interventi di riqualificazione naturalistica, [&hellip;]<\/p>\n","protected":false},"author":1,"featured_media":822,"parent":950,"menu_order":0,"comment_status":"closed","ping_status":"closed","template":"template-unterseiten.php","meta":{"_acf_changed":false,"footnotes":""},"class_list":["post-951","page","type-page","status-publish","has-post-thumbnail","hentry"],"acf":[],"yoast_head":"<!-- This site is optimized with the Yoast SEO Premium plugin v23.0 (Yoast SEO v23.0) - https:\/\/yoast.com\/wordpress\/plugins\/seo\/ -->\n<title>Ingena Naturraumplanung | Umweltvertr\u00e4glichkeitsverfahren<\/title>\n<meta name=\"description\" content=\"Ingena Naturraumplanung | Umweltvertr\u00e4glichkeitsverfahren. Landschaftsinventar, Begleitplanung, \u00f6kologische Bauaufsichten, Bauleitung von Rekultivierungsprojekten.\" \/>\n<meta name=\"robots\" content=\"index, follow, max-snippet:-1, max-image-preview:large, max-video-preview:-1\" \/>\n<link rel=\"canonical\" href=\"https:\/\/www.ingena.info\/it\/natura\/ambiente-e-valutazione-di-impatto-ambientale-via\/\" \/>\n<meta property=\"og:locale\" content=\"it_IT\" \/>\n<meta property=\"og:type\" content=\"article\" \/>\n<meta property=\"og:title\" content=\"Ambiente e valutazione di impatto ambientale (VIA)\" \/>\n<meta property=\"og:description\" content=\"Ingena Naturraumplanung | Umweltvertr\u00e4glichkeitsverfahren. Landschaftsinventar, Begleitplanung, \u00f6kologische Bauaufsichten, Bauleitung von Rekultivierungsprojekten.\" \/>\n<meta property=\"og:url\" content=\"https:\/\/www.ingena.info\/it\/natura\/ambiente-e-valutazione-di-impatto-ambientale-via\/\" \/>\n<meta property=\"og:site_name\" content=\"www.ingena.info\" \/>\n<meta property=\"article:modified_time\" content=\"2024-05-29T07:41:37+00:00\" \/>\n<meta property=\"og:image\" content=\"https:\/\/www.ingena.info\/wp-content\/uploads\/03-UVP_web.jpg\" \/>\n\t<meta property=\"og:image:width\" content=\"2000\" \/>\n\t<meta property=\"og:image:height\" content=\"1125\" \/>\n\t<meta property=\"og:image:type\" content=\"image\/jpeg\" \/>\n<meta name=\"twitter:card\" content=\"summary_large_image\" \/>\n<meta name=\"twitter:label1\" content=\"Tempo di lettura stimato\" \/>\n\t<meta name=\"twitter:data1\" content=\"1 minuto\" \/>\n<script type=\"application\/ld+json\" class=\"yoast-schema-graph\">{\"@context\":\"https:\/\/schema.org\",\"@graph\":[{\"@type\":\"WebPage\",\"@id\":\"https:\/\/www.ingena.info\/it\/natura\/ambiente-e-valutazione-di-impatto-ambientale-via\/\",\"url\":\"https:\/\/www.ingena.info\/it\/natura\/ambiente-e-valutazione-di-impatto-ambientale-via\/\",\"name\":\"Ingena Naturraumplanung | Umweltvertr\u00e4glichkeitsverfahren\",\"isPartOf\":{\"@id\":\"https:\/\/www.ingena.info\/it\/#website\"},\"primaryImageOfPage\":{\"@id\":\"https:\/\/www.ingena.info\/it\/natura\/ambiente-e-valutazione-di-impatto-ambientale-via\/#primaryimage\"},\"image\":{\"@id\":\"https:\/\/www.ingena.info\/it\/natura\/ambiente-e-valutazione-di-impatto-ambientale-via\/#primaryimage\"},\"thumbnailUrl\":\"https:\/\/i0.wp.com\/www.ingena.info\/wp-content\/uploads\/03-UVP_web.jpg?fit=2000%2C1125&ssl=1\",\"datePublished\":\"2021-05-21T09:51:17+00:00\",\"dateModified\":\"2024-05-29T07:41:37+00:00\",\"description\":\"Ingena Naturraumplanung | Umweltvertr\u00e4glichkeitsverfahren. Landschaftsinventar, Begleitplanung, \u00f6kologische Bauaufsichten, Bauleitung von Rekultivierungsprojekten.\",\"breadcrumb\":{\"@id\":\"https:\/\/www.ingena.info\/it\/natura\/ambiente-e-valutazione-di-impatto-ambientale-via\/#breadcrumb\"},\"inLanguage\":\"it-IT\",\"potentialAction\":[{\"@type\":\"ReadAction\",\"target\":[\"https:\/\/www.ingena.info\/it\/natura\/ambiente-e-valutazione-di-impatto-ambientale-via\/\"]}]},{\"@type\":\"ImageObject\",\"inLanguage\":\"it-IT\",\"@id\":\"https:\/\/www.ingena.info\/it\/natura\/ambiente-e-valutazione-di-impatto-ambientale-via\/#primaryimage\",\"url\":\"https:\/\/i0.wp.com\/www.ingena.info\/wp-content\/uploads\/03-UVP_web.jpg?fit=2000%2C1125&ssl=1\",\"contentUrl\":\"https:\/\/i0.wp.com\/www.ingena.info\/wp-content\/uploads\/03-UVP_web.jpg?fit=2000%2C1125&ssl=1\",\"width\":2000,\"height\":1125,\"caption\":\"Umwelt und Umweltvertr\u00e4glichkeitspr\u00fcfung (UVP)\"},{\"@type\":\"BreadcrumbList\",\"@id\":\"https:\/\/www.ingena.info\/it\/natura\/ambiente-e-valutazione-di-impatto-ambientale-via\/#breadcrumb\",\"itemListElement\":[{\"@type\":\"ListItem\",\"position\":1,\"name\":\"Startseite\",\"item\":\"https:\/\/www.ingena.info\/it\/\"},{\"@type\":\"ListItem\",\"position\":2,\"name\":\"Natura\",\"item\":\"https:\/\/www.ingena.info\/it\/natura\/\"},{\"@type\":\"ListItem\",\"position\":3,\"name\":\"Ambiente e valutazione di impatto ambientale (VIA)\"}]},{\"@type\":\"WebSite\",\"@id\":\"https:\/\/www.ingena.info\/it\/#website\",\"url\":\"https:\/\/www.ingena.info\/it\/\",\"name\":\"www.ingena.info\",\"description\":\"\",\"potentialAction\":[{\"@type\":\"SearchAction\",\"target\":{\"@type\":\"EntryPoint\",\"urlTemplate\":\"https:\/\/www.ingena.info\/it\/?s={search_term_string}\"},\"query-input\":\"required name=search_term_string\"}],\"inLanguage\":\"it-IT\"}]}<\/script>\n<!-- \/ Yoast SEO Premium plugin. -->","yoast_head_json":{"title":"Ingena Naturraumplanung | Umweltvertr\u00e4glichkeitsverfahren","description":"Ingena Naturraumplanung | Umweltvertr\u00e4glichkeitsverfahren. Landschaftsinventar, Begleitplanung, \u00f6kologische Bauaufsichten, Bauleitung von Rekultivierungsprojekten.","robots":{"index":"index","follow":"follow","max-snippet":"max-snippet:-1","max-image-preview":"max-image-preview:large","max-video-preview":"max-video-preview:-1"},"canonical":"https:\/\/www.ingena.info\/it\/natura\/ambiente-e-valutazione-di-impatto-ambientale-via\/","og_locale":"it_IT","og_type":"article","og_title":"Ambiente e valutazione di impatto ambientale (VIA)","og_description":"Ingena Naturraumplanung | Umweltvertr\u00e4glichkeitsverfahren. Landschaftsinventar, Begleitplanung, \u00f6kologische Bauaufsichten, Bauleitung von Rekultivierungsprojekten.","og_url":"https:\/\/www.ingena.info\/it\/natura\/ambiente-e-valutazione-di-impatto-ambientale-via\/","og_site_name":"www.ingena.info","article_modified_time":"2024-05-29T07:41:37+00:00","og_image":[{"width":2000,"height":1125,"url":"https:\/\/www.ingena.info\/wp-content\/uploads\/03-UVP_web.jpg","type":"image\/jpeg"}],"twitter_card":"summary_large_image","twitter_misc":{"Tempo di lettura stimato":"1 minuto"},"schema":{"@context":"https:\/\/schema.org","@graph":[{"@type":"WebPage","@id":"https:\/\/www.ingena.info\/it\/natura\/ambiente-e-valutazione-di-impatto-ambientale-via\/","url":"https:\/\/www.ingena.info\/it\/natura\/ambiente-e-valutazione-di-impatto-ambientale-via\/","name":"Ingena Naturraumplanung | Umweltvertr\u00e4glichkeitsverfahren","isPartOf":{"@id":"https:\/\/www.ingena.info\/it\/#website"},"primaryImageOfPage":{"@id":"https:\/\/www.ingena.info\/it\/natura\/ambiente-e-valutazione-di-impatto-ambientale-via\/#primaryimage"},"image":{"@id":"https:\/\/www.ingena.info\/it\/natura\/ambiente-e-valutazione-di-impatto-ambientale-via\/#primaryimage"},"thumbnailUrl":"https:\/\/i0.wp.com\/www.ingena.info\/wp-content\/uploads\/03-UVP_web.jpg?fit=2000%2C1125&ssl=1","datePublished":"2021-05-21T09:51:17+00:00","dateModified":"2024-05-29T07:41:37+00:00","description":"Ingena Naturraumplanung | Umweltvertr\u00e4glichkeitsverfahren. Landschaftsinventar, Begleitplanung, \u00f6kologische Bauaufsichten, Bauleitung von Rekultivierungsprojekten.","breadcrumb":{"@id":"https:\/\/www.ingena.info\/it\/natura\/ambiente-e-valutazione-di-impatto-ambientale-via\/#breadcrumb"},"inLanguage":"it-IT","potentialAction":[{"@type":"ReadAction","target":["https:\/\/www.ingena.info\/it\/natura\/ambiente-e-valutazione-di-impatto-ambientale-via\/"]}]},{"@type":"ImageObject","inLanguage":"it-IT","@id":"https:\/\/www.ingena.info\/it\/natura\/ambiente-e-valutazione-di-impatto-ambientale-via\/#primaryimage","url":"https:\/\/i0.wp.com\/www.ingena.info\/wp-content\/uploads\/03-UVP_web.jpg?fit=2000%2C1125&ssl=1","contentUrl":"https:\/\/i0.wp.com\/www.ingena.info\/wp-content\/uploads\/03-UVP_web.jpg?fit=2000%2C1125&ssl=1","width":2000,"height":1125,"caption":"Umwelt und Umweltvertr\u00e4glichkeitspr\u00fcfung (UVP)"},{"@type":"BreadcrumbList","@id":"https:\/\/www.ingena.info\/it\/natura\/ambiente-e-valutazione-di-impatto-ambientale-via\/#breadcrumb","itemListElement":[{"@type":"ListItem","position":1,"name":"Startseite","item":"https:\/\/www.ingena.info\/it\/"},{"@type":"ListItem","position":2,"name":"Natura","item":"https:\/\/www.ingena.info\/it\/natura\/"},{"@type":"ListItem","position":3,"name":"Ambiente e valutazione di impatto ambientale (VIA)"}]},{"@type":"WebSite","@id":"https:\/\/www.ingena.info\/it\/#website","url":"https:\/\/www.ingena.info\/it\/","name":"www.ingena.info","description":"","potentialAction":[{"@type":"SearchAction","target":{"@type":"EntryPoint","urlTemplate":"https:\/\/www.ingena.info\/it\/?s={search_term_string}"},"query-input":"required name=search_term_string"}],"inLanguage":"it-IT"}]}},"_links":{"self":[{"href":"https:\/\/www.ingena.info\/it\/wp-json\/wp\/v2\/pages\/951","targetHints":{"allow":["GET"]}}],"collection":[{"href":"https:\/\/www.ingena.info\/it\/wp-json\/wp\/v2\/pages"}],"about":[{"href":"https:\/\/www.ingena.info\/it\/wp-json\/wp\/v2\/types\/page"}],"author":[{"embeddable":true,"href":"https:\/\/www.ingena.info\/it\/wp-json\/wp\/v2\/users\/1"}],"replies":[{"embeddable":true,"href":"https:\/\/www.ingena.info\/it\/wp-json\/wp\/v2\/comments?post=951"}],"version-history":[{"count":6,"href":"https:\/\/www.ingena.info\/it\/wp-json\/wp\/v2\/pages\/951\/revisions"}],"predecessor-version":[{"id":2014,"href":"https:\/\/www.ingena.info\/it\/wp-json\/wp\/v2\/pages\/951\/revisions\/2014"}],"up":[{"embeddable":true,"href":"https:\/\/www.ingena.info\/it\/wp-json\/wp\/v2\/pages\/950"}],"wp:featuredmedia":[{"embeddable":true,"href":"https:\/\/www.ingena.info\/it\/wp-json\/wp\/v2\/media\/822"}],"wp:attachment":[{"href":"https:\/\/www.ingena.info\/it\/wp-json\/wp\/v2\/media?parent=951"}],"curies":[{"name":"wp","href":"https:\/\/api.w.org\/{rel}","templated":true}]}}