{"id":950,"date":"2021-05-21T11:50:42","date_gmt":"2021-05-21T09:50:42","guid":{"rendered":"https:\/\/www.ingena.info\/naturraumplanung\/"},"modified":"2022-11-29T15:14:23","modified_gmt":"2022-11-29T14:14:23","slug":"natura","status":"publish","type":"page","link":"https:\/\/www.ingena.info\/it\/natura\/","title":{"rendered":"Natura"},"content":{"rendered":"<p>Ogni progetto edilizio, da una casa residenziale a un&#8217;autostrada, deve confrontarsi con le condizioni naturali e antropiche del paesaggio in cui si inserisce e con le caratteristiche socioculturali della popolazione che vive il territorio.<\/p>\n<p>L\u2019obiettivo di Ingena \u00e8 di fungere da anello di unione tra le esigenze di sviluppo della nostra societ\u00e0 e il rispetto dell\u2019ambiente in cui viviamo, tutelando risorse naturali e clima per le generazioni future.<\/p>\n<p>INGENA offre i propri servizi nei seguenti campi di applicazione:<\/p>\n","protected":false},"excerpt":{"rendered":"<p>Ogni progetto edilizio, da una casa residenziale a un&#8217;autostrada, deve confrontarsi con le condizioni naturali e antropiche del paesaggio in cui si inserisce e con le caratteristiche socioculturali della popolazione che vive il territorio. L\u2019obiettivo di Ingena \u00e8 di fungere da anello di unione tra le esigenze di sviluppo della nostra societ\u00e0 e il rispetto [&hellip;]<\/p>\n","protected":false},"author":1,"featured_media":815,"parent":0,"menu_order":0,"comment_status":"closed","ping_status":"closed","template":"template-ueberseiten.php","meta":{"_acf_changed":false,"footnotes":""},"class_list":["post-950","page","type-page","status-publish","has-post-thumbnail","hentry"],"acf":[],"yoast_head":"<!-- This site is optimized with the Yoast SEO Premium plugin v23.0 (Yoast SEO v23.0) - https:\/\/yoast.com\/wordpress\/plugins\/seo\/ -->\n<title>Urbanistica, architettura del paesaggio<\/title>\n<meta name=\"description\" content=\"Il nostro obiettivo \u00e8 quello di fungere da collegamento tra le esigenze di sviluppo della nostra societ\u00e0 e il principio della sostenibilit\u00e0.\" \/>\n<meta name=\"robots\" content=\"index, follow, max-snippet:-1, max-image-preview:large, max-video-preview:-1\" \/>\n<link rel=\"canonical\" href=\"https:\/\/www.ingena.info\/it\/natura\/\" \/>\n<meta property=\"og:locale\" content=\"it_IT\" \/>\n<meta property=\"og:type\" content=\"article\" \/>\n<meta property=\"og:title\" content=\"Natura\" \/>\n<meta property=\"og:description\" content=\"Il nostro obiettivo \u00e8 quello di fungere da collegamento tra le esigenze di sviluppo della nostra societ\u00e0 e il principio della sostenibilit\u00e0.\" \/>\n<meta property=\"og:url\" content=\"https:\/\/www.ingena.info\/it\/natura\/\" \/>\n<meta property=\"og:site_name\" content=\"www.ingena.info\" \/>\n<meta property=\"article:modified_time\" content=\"2022-11-29T14:14:23+00:00\" \/>\n<meta property=\"og:image\" content=\"https:\/\/www.ingena.info\/wp-content\/uploads\/00-Landschaftsarchitektur_web-1.jpg\" \/>\n\t<meta property=\"og:image:width\" content=\"2000\" \/>\n\t<meta property=\"og:image:height\" content=\"1125\" \/>\n\t<meta property=\"og:image:type\" content=\"image\/jpeg\" \/>\n<meta name=\"twitter:card\" content=\"summary_large_image\" \/>\n<meta name=\"twitter:label1\" content=\"Tempo di lettura stimato\" \/>\n\t<meta name=\"twitter:data1\" content=\"1 minuto\" \/>\n<script type=\"application\/ld+json\" class=\"yoast-schema-graph\">{\"@context\":\"https:\/\/schema.org\",\"@graph\":[{\"@type\":\"WebPage\",\"@id\":\"https:\/\/www.ingena.info\/it\/natura\/\",\"url\":\"https:\/\/www.ingena.info\/it\/natura\/\",\"name\":\"Urbanistica, architettura del paesaggio\",\"isPartOf\":{\"@id\":\"https:\/\/www.ingena.info\/it\/#website\"},\"primaryImageOfPage\":{\"@id\":\"https:\/\/www.ingena.info\/it\/natura\/#primaryimage\"},\"image\":{\"@id\":\"https:\/\/www.ingena.info\/it\/natura\/#primaryimage\"},\"thumbnailUrl\":\"https:\/\/i0.wp.com\/www.ingena.info\/wp-content\/uploads\/00-Landschaftsarchitektur_web-1.jpg?fit=2000%2C1125&ssl=1\",\"datePublished\":\"2021-05-21T09:50:42+00:00\",\"dateModified\":\"2022-11-29T14:14:23+00:00\",\"description\":\"Il nostro obiettivo \u00e8 quello di fungere da collegamento tra le esigenze di sviluppo della nostra societ\u00e0 e il principio della sostenibilit\u00e0.\",\"breadcrumb\":{\"@id\":\"https:\/\/www.ingena.info\/it\/natura\/#breadcrumb\"},\"inLanguage\":\"it-IT\",\"potentialAction\":[{\"@type\":\"ReadAction\",\"target\":[\"https:\/\/www.ingena.info\/it\/natura\/\"]}]},{\"@type\":\"ImageObject\",\"inLanguage\":\"it-IT\",\"@id\":\"https:\/\/www.ingena.info\/it\/natura\/#primaryimage\",\"url\":\"https:\/\/i0.wp.com\/www.ingena.info\/wp-content\/uploads\/00-Landschaftsarchitektur_web-1.jpg?fit=2000%2C1125&ssl=1\",\"contentUrl\":\"https:\/\/i0.wp.com\/www.ingena.info\/wp-content\/uploads\/00-Landschaftsarchitektur_web-1.jpg?fit=2000%2C1125&ssl=1\",\"width\":2000,\"height\":1125,\"caption\":\"Naturraumplanung\"},{\"@type\":\"BreadcrumbList\",\"@id\":\"https:\/\/www.ingena.info\/it\/natura\/#breadcrumb\",\"itemListElement\":[{\"@type\":\"ListItem\",\"position\":1,\"name\":\"Startseite\",\"item\":\"https:\/\/www.ingena.info\/it\/\"},{\"@type\":\"ListItem\",\"position\":2,\"name\":\"Natura\"}]},{\"@type\":\"WebSite\",\"@id\":\"https:\/\/www.ingena.info\/it\/#website\",\"url\":\"https:\/\/www.ingena.info\/it\/\",\"name\":\"www.ingena.info\",\"description\":\"\",\"potentialAction\":[{\"@type\":\"SearchAction\",\"target\":{\"@type\":\"EntryPoint\",\"urlTemplate\":\"https:\/\/www.ingena.info\/it\/?s={search_term_string}\"},\"query-input\":\"required name=search_term_string\"}],\"inLanguage\":\"it-IT\"}]}<\/script>\n<!-- \/ Yoast SEO Premium plugin. -->","yoast_head_json":{"title":"Urbanistica, architettura del paesaggio","description":"Il nostro obiettivo \u00e8 quello di fungere da collegamento tra le esigenze di sviluppo della nostra societ\u00e0 e il principio della sostenibilit\u00e0.","robots":{"index":"index","follow":"follow","max-snippet":"max-snippet:-1","max-image-preview":"max-image-preview:large","max-video-preview":"max-video-preview:-1"},"canonical":"https:\/\/www.ingena.info\/it\/natura\/","og_locale":"it_IT","og_type":"article","og_title":"Natura","og_description":"Il nostro obiettivo \u00e8 quello di fungere da collegamento tra le esigenze di sviluppo della nostra societ\u00e0 e il principio della sostenibilit\u00e0.","og_url":"https:\/\/www.ingena.info\/it\/natura\/","og_site_name":"www.ingena.info","article_modified_time":"2022-11-29T14:14:23+00:00","og_image":[{"width":2000,"height":1125,"url":"https:\/\/www.ingena.info\/wp-content\/uploads\/00-Landschaftsarchitektur_web-1.jpg","type":"image\/jpeg"}],"twitter_card":"summary_large_image","twitter_misc":{"Tempo di lettura stimato":"1 minuto"},"schema":{"@context":"https:\/\/schema.org","@graph":[{"@type":"WebPage","@id":"https:\/\/www.ingena.info\/it\/natura\/","url":"https:\/\/www.ingena.info\/it\/natura\/","name":"Urbanistica, architettura del paesaggio","isPartOf":{"@id":"https:\/\/www.ingena.info\/it\/#website"},"primaryImageOfPage":{"@id":"https:\/\/www.ingena.info\/it\/natura\/#primaryimage"},"image":{"@id":"https:\/\/www.ingena.info\/it\/natura\/#primaryimage"},"thumbnailUrl":"https:\/\/i0.wp.com\/www.ingena.info\/wp-content\/uploads\/00-Landschaftsarchitektur_web-1.jpg?fit=2000%2C1125&ssl=1","datePublished":"2021-05-21T09:50:42+00:00","dateModified":"2022-11-29T14:14:23+00:00","description":"Il nostro obiettivo \u00e8 quello di fungere da collegamento tra le esigenze di sviluppo della nostra societ\u00e0 e il principio della sostenibilit\u00e0.","breadcrumb":{"@id":"https:\/\/www.ingena.info\/it\/natura\/#breadcrumb"},"inLanguage":"it-IT","potentialAction":[{"@type":"ReadAction","target":["https:\/\/www.ingena.info\/it\/natura\/"]}]},{"@type":"ImageObject","inLanguage":"it-IT","@id":"https:\/\/www.ingena.info\/it\/natura\/#primaryimage","url":"https:\/\/i0.wp.com\/www.ingena.info\/wp-content\/uploads\/00-Landschaftsarchitektur_web-1.jpg?fit=2000%2C1125&ssl=1","contentUrl":"https:\/\/i0.wp.com\/www.ingena.info\/wp-content\/uploads\/00-Landschaftsarchitektur_web-1.jpg?fit=2000%2C1125&ssl=1","width":2000,"height":1125,"caption":"Naturraumplanung"},{"@type":"BreadcrumbList","@id":"https:\/\/www.ingena.info\/it\/natura\/#breadcrumb","itemListElement":[{"@type":"ListItem","position":1,"name":"Startseite","item":"https:\/\/www.ingena.info\/it\/"},{"@type":"ListItem","position":2,"name":"Natura"}]},{"@type":"WebSite","@id":"https:\/\/www.ingena.info\/it\/#website","url":"https:\/\/www.ingena.info\/it\/","name":"www.ingena.info","description":"","potentialAction":[{"@type":"SearchAction","target":{"@type":"EntryPoint","urlTemplate":"https:\/\/www.ingena.info\/it\/?s={search_term_string}"},"query-input":"required name=search_term_string"}],"inLanguage":"it-IT"}]}},"_links":{"self":[{"href":"https:\/\/www.ingena.info\/it\/wp-json\/wp\/v2\/pages\/950","targetHints":{"allow":["GET"]}}],"collection":[{"href":"https:\/\/www.ingena.info\/it\/wp-json\/wp\/v2\/pages"}],"about":[{"href":"https:\/\/www.ingena.info\/it\/wp-json\/wp\/v2\/types\/page"}],"author":[{"embeddable":true,"href":"https:\/\/www.ingena.info\/it\/wp-json\/wp\/v2\/users\/1"}],"replies":[{"embeddable":true,"href":"https:\/\/www.ingena.info\/it\/wp-json\/wp\/v2\/comments?post=950"}],"version-history":[{"count":1,"href":"https:\/\/www.ingena.info\/it\/wp-json\/wp\/v2\/pages\/950\/revisions"}],"predecessor-version":[{"id":954,"href":"https:\/\/www.ingena.info\/it\/wp-json\/wp\/v2\/pages\/950\/revisions\/954"}],"wp:featuredmedia":[{"embeddable":true,"href":"https:\/\/www.ingena.info\/it\/wp-json\/wp\/v2\/media\/815"}],"wp:attachment":[{"href":"https:\/\/www.ingena.info\/it\/wp-json\/wp\/v2\/media?parent=950"}],"curies":[{"name":"wp","href":"https:\/\/api.w.org\/{rel}","templated":true}]}}